{"id":23,"date":"2015-07-23T14:03:28","date_gmt":"2015-07-23T14:03:28","guid":{"rendered":"http:\/\/themes.muffingroup.com\/be\/garden\/?page_id=23"},"modified":"2020-08-13T14:29:54","modified_gmt":"2020-08-13T14:29:54","slug":"about-us","status":"publish","type":"page","link":"https:\/\/sonniastherapy.com\/es\/about-us\/","title":{"rendered":"Acerca de Sonnia"},"content":{"rendered":"<p>[vc_row css=&#8221;.vc_custom_1555466974159{padding-top: 20px !important;}&#8221;][vc_column width=&#8221;1\/3&#8243;][vc_raw_html]JTNDZGl2JTIwY2xhc3MlM0QlMjJnYXJkZW4taW1hZ2UyJTIyJTNFJTBBJTNDaW1hZ2UlMjBjbGFzcyUzRCUyMmltYWdlX2ZyYW1lJTIyJTIwc3JjJTNEJTIyJTJGd3AtY29udGVudCUyRnVwbG9hZHMlMkYyMDE5JTJGMDQlMkZoYW5kcy5qcGclMjIlMjBib3JkZXIlM0QlMjIxJTIyJTNFJTBBJTNDJTJGZGl2JTNFJTBBJTNDZGl2aWRlciUyMGhlaWdodCUzRCUyMjAlMjIlM0U=[\/vc_raw_html][\/vc_column][vc_column width=&#8221;1\/3&#8243; css=&#8221;.vc_custom_1555503742801{margin-top: 30px !important;}&#8221;][vc_raw_html]JTNDZGl2JTIwY2xhc3MlM0QlMjJnYXJkZW4taW1hZ2UyJTIyJTNFJTBBJTNDaW1hZ2UlMjBjbGFzcyUzRCUyMmltYWdlX2ZyYW1lJTIyJTIwc3JjJTNEJTIyJTJGd3AtY29udGVudCUyRnVwbG9hZHMlMkYyMDE5JTJGMDQlMkZmb3RvLXdlYnNpZGUuanBnJTIyJTIwYm9yZGVyJTNEJTIyMSUyMiUzRSUwQSUzQyUyRmRpdiUzRSUwQSUzQ2RpdmlkZXIlMjBoZWlnaHQlM0QlMjI0MCUyMiUzRQ==[\/vc_raw_html][\/vc_column][vc_column width=&#8221;1\/3&#8243;][vc_raw_html]JTNDZGl2JTIwY2xhc3MlM0QlMjJnYXJkZW4taW1hZ2UyJTIyJTNFJTBBJTNDaW1hZ2UlMjBjbGFzcyUzRCUyMmltYWdlX2ZyYW1lJTIyJTIwc3JjJTNEJTIyJTJGd3AtY29udGVudCUyRnVwbG9hZHMlMkYyMDE5JTJGMDQlMkZmb3RvLXdlYnNpdGUzLmpwZyUyMiUyMGJvcmRlciUzRCUyMjElMjIlM0UlMEElM0MlMkZkaXYlM0UlMEElM0NkaXZpZGVyJTIwaGVpZ2h0JTNEJTIyNDAlMjIlM0UlMEE=[\/vc_raw_html][\/vc_column][\/vc_row][vc_row css=&#8221;.vc_custom_1555504233690{margin-top: 5% !important;}&#8221;][vc_column width=&#8221;1\/2&#8243; css=&#8221;.vc_custom_1555504367200{background-image: url(http:\/\/sonia.innovadoc.com\/wp-content\/uploads\/2015\/07\/home_garden_heading_square.png?id=12) !important;background-position: 0 0 !important;background-repeat: no-repeat !important;}&#8221;][vc_raw_html]JTNDaDMlMjBzdHlsZSUzRCUyMmNvbG9yJTNBJTIwJTIzMDAwMDAwJTNCJTIyJTNFTGElMjBwciVDMyVBMWN0aWNhJTIwZGUlMjBzYW5hY2klQzMlQjNuJTIwZGUlMjBTb25uaWElMjBoYSUyMHNpZG8lMjBhbGltZW50YWRhJTIwcG9yJTIwbGFzJTIwZGlzdGludGFzJTIwZnVlbnRlcyUyMGVuJTIwbGElMjBxdWUlMjBlbGxhJTIwc2UlMjBoYSUyMG51dHJpZG8lMjBhJTIwdHJhdiVDMyVBOXMlMjBkZSUyMG0lQzMlQTFzJTIwZGUlMjAzMCUyMGElQzMlQjFvcyUyQyUzQyUyRmgzJTNF[\/vc_raw_html][\/vc_column][vc_column width=&#8221;1\/2&#8243;][vc_raw_html css=&#8221;.vc_custom_1555507108896{padding-top: 50px !important;}&#8221;]JTNDaDUlMjBzdHlsZSUzRCUyMnRleHQtYWxpZ24lM0ElMjBqdXN0aWZ5JTNCJTIyJTNFTGElMjBwciVDMyVBMWN0aWNhJTIwZGUlMjBzYW5hY2klQzMlQjNuJTIwZGUlMjBTb25uaWElMjBoYSUyMHNpZG8lMjBhbGltZW50YWRhJTIwcG9yJTIwbGFzJTIwZGlzdGludGFzJTIwZnVlbnRlcyUyMGVuJTIwbGElMjBxdWUlMjBlbGxhJTIwc2UlMjBoYSUyMG51dHJpZG8lMjBhJTIwdHJhdiVDMyVBOXMlMjBkZSUyMG0lQzMlQTFzJTIwZGUlMjAzMCUyMGElQzMlQjFvcyUyQyUyMGltcHVsc2FkYSUyMHBvciUyMHVuYSUyMHRlbXByYW5hJTIweSUyMGNvbnRpbnVhJTIwY3VyaW9zaWRhZCUyMHBvciUyMGxhJTIwZW5lcmclQzMlQURhJTIweSUyMHBvciUyMHN1JTIwdHJhYmFqbyUyMGNvbiUyMGVsbGEuJTNDJTJGaDUlM0U=[\/vc_raw_html][\/vc_column][\/vc_row][vc_row][vc_column width=&#8221;1\/2&#8243;][\/vc_column][vc_column width=&#8221;1\/4&#8243;][vc_column_text]<\/p>\n<p style=\"text-align: justify;\">Inici\u00f3 su formaci\u00f3n con Sanaci\u00f3n Pr\u00e1nica, en Cali, Colombia y obtuvo una certificaci\u00f3n en Pr\u00e1nica Avanzada a trav\u00e9s de la maestra, doctora Liliana Chetuan.<\/p>\n<p style=\"text-align: justify;\">Obtuvo su Maestr\u00eda Reiki en Estados Unidos de las manos de los maestros Reiki Diana Jaramillo y Marcos Gonz\u00e1lez. Linaje Mikao Usui.<\/p>\n<p style=\"text-align: justify;\">Obtuvo la certificaci\u00f3n como Terapeuta SAAMA\u00ae 3.0 \u2013\u00a0 M\u00e9todo de sanaci\u00f3n integral creado por Veturi\u00e1n Arana.<\/p>\n<p>[\/vc_column_text][\/vc_column][vc_column width=&#8221;1\/4&#8243;][vc_column_text]<\/p>\n<p style=\"text-align: justify;\">Lectora de Registros Ak\u00e1shicos Nivel II. Certificada por Alethia &#8211; Escuela de Registros Ak\u00e1shicos, Uruguay.<br \/>\nIniciada en distintas tradiciones ind\u00edgenas por los Apaches y Lakotas en Estados Unidos.<br \/>\nIntroducida al chamanismo y al uso de plantas de poder por Chamanes en la selva peruana.<\/p>\n<p>[\/vc_column_text][\/vc_column][\/vc_row]<\/p>","protected":false},"excerpt":{"rendered":"<p>[vc_row css=&#8221;.vc_custom_1555466974159{padding-top: 20px !important;}&#8221;][vc_column width=&#8221;1\/3&#8243;][vc_raw_html]JTNDZGl2JTIwY2xhc3MlM0QlMjJnYXJkZW4taW1hZ2UyJTIyJTNFJTBBJTNDaW1hZ2UlMjBjbGFzcyUzRCUyMmltYWdlX2ZyYW1lJTIyJTIwc3JjJTNEJTIyJTJGd3AtY29udGVudCUyRnVwbG9hZHMlMkYyMDE5JTJGMDQlMkZoYW5kcy5qcGclMjIlMjBib3JkZXIlM0QlMjIxJTIyJTNFJTBBJTNDJTJGZGl2JTNFJTBBJTNDZGl2aWRlciUyMGhlaWdodCUzRCUyMjAlMjIlM0U=[\/vc_raw_html][\/vc_column][vc_column width=&#8221;1\/3&#8243; css=&#8221;.vc_custom_1555503742801{margin-top: 30px !important;}&#8221;][vc_raw_html]JTNDZGl2JTIwY2xhc3MlM0QlMjJnYXJkZW4taW1hZ2UyJTIyJTNFJTBBJTNDaW1hZ2UlMjBjbGFzcyUzRCUyMmltYWdlX2ZyYW1lJTIyJTIwc3JjJTNEJTIyJTJGd3AtY29udGVudCUyRnVwbG9hZHMlMkYyMDE5JTJGMDQlMkZmb3RvLXdlYnNpZGUuanBnJTIyJTIwYm9yZGVyJTNEJTIyMSUyMiUzRSUwQSUzQyUyRmRpdiUzRSUwQSUzQ2RpdmlkZXIlMjBoZWlnaHQlM0QlMjI0MCUyMiUzRQ==[\/vc_raw_html][\/vc_column][vc_column width=&#8221;1\/3&#8243;][vc_raw_html]JTNDZGl2JTIwY2xhc3MlM0QlMjJnYXJkZW4taW1hZ2UyJTIyJTNFJTBBJTNDaW1hZ2UlMjBjbGFzcyUzRCUyMmltYWdlX2ZyYW1lJTIyJTIwc3JjJTNEJTIyJTJGd3AtY29udGVudCUyRnVwbG9hZHMlMkYyMDE5JTJGMDQlMkZmb3RvLXdlYnNpdGUzLmpwZyUyMiUyMGJvcmRlciUzRCUyMjElMjIlM0UlMEElM0MlMkZkaXYlM0UlMEElM0NkaXZpZGVyJTIwaGVpZ2h0JTNEJTIyNDAlMjIlM0UlMEE=[\/vc_raw_html][\/vc_column][\/vc_row][vc_row css=&#8221;.vc_custom_1555504233690{margin-top: 5% !important;}&#8221;][vc_column width=&#8221;1\/2&#8243; css=&#8221;.vc_custom_1555504367200{background-image: url(http:\/\/sonia.innovadoc.com\/wp-content\/uploads\/2015\/07\/home_garden_heading_square.png?id=12) !important;background-position: 0 0 !important;background-repeat: no-repeat !important;}&#8221;][vc_raw_html]JTNDaDMlMjBzdHlsZSUzRCUyMmNvbG9yJTNBJTIwJTIzMDAwMDAwJTNCJTIyJTNFTGElMjBwciVDMyVBMWN0aWNhJTIwZGUlMjBzYW5hY2klQzMlQjNuJTIwZGUlMjBTb25uaWElMjBoYSUyMHNpZG8lMjBhbGltZW50YWRhJTIwcG9yJTIwbGFzJTIwZGlzdGludGFzJTIwZnVlbnRlcyUyMGVuJTIwbGElMjBxdWUlMjBlbGxhJTIwc2UlMjBoYSUyMG51dHJpZG8lMjBhJTIwdHJhdiVDMyVBOXMlMjBkZSUyMG0lQzMlQTFzJTIwZGUlMjAzMCUyMGElQzMlQjFvcyUyQyUzQyUyRmgzJTNF[\/vc_raw_html][\/vc_column][vc_column width=&#8221;1\/2&#8243;][vc_raw_html css=&#8221;.vc_custom_1555507108896{padding-top: 50px !important;}&#8221;]JTNDaDUlMjBzdHlsZSUzRCUyMnRleHQtYWxpZ24lM0ElMjBqdXN0aWZ5JTNCJTIyJTNFTGElMjBwciVDMyVBMWN0aWNhJTIwZGUlMjBzYW5hY2klQzMlQjNuJTIwZGUlMjBTb25uaWElMjBoYSUyMHNpZG8lMjBhbGltZW50YWRhJTIwcG9yJTIwbGFzJTIwZGlzdGludGFzJTIwZnVlbnRlcyUyMGVuJTIwbGElMjBxdWUlMjBlbGxhJTIwc2UlMjBoYSUyMG51dHJpZG8lMjBhJTIwdHJhdiVDMyVBOXMlMjBkZSUyMG0lQzMlQTFzJTIwZGUlMjAzMCUyMGElQzMlQjFvcyUyQyUyMGltcHVsc2FkYSUyMHBvciUyMHVuYSUyMHRlbXByYW5hJTIweSUyMGNvbnRpbnVhJTIwY3VyaW9zaWRhZCUyMHBvciUyMGxhJTIwZW5lcmclQzMlQURhJTIweSUyMHBvciUyMHN1JTIwdHJhYmFqbyUyMGNvbiUyMGVsbGEuJTNDJTJGaDUlM0U=[\/vc_raw_html][\/vc_column][\/vc_row][vc_row][vc_column<span class=\"excerpt-hellip\"> [\u2026]<\/span><\/p>\n","protected":false},"author":1,"featured_media":0,"parent":0,"menu_order":0,"comment_status":"open","ping_status":"open","template":"","meta":{"footnotes":""},"class_list":["post-23","page","type-page","status-publish","hentry"],"_links":{"self":[{"href":"https:\/\/sonniastherapy.com\/es\/wp-json\/wp\/v2\/pages\/23","targetHints":{"allow":["GET"]}}],"collection":[{"href":"https:\/\/sonniastherapy.com\/es\/wp-json\/wp\/v2\/pages"}],"about":[{"href":"https:\/\/sonniastherapy.com\/es\/wp-json\/wp\/v2\/types\/page"}],"author":[{"embeddable":true,"href":"https:\/\/sonniastherapy.com\/es\/wp-json\/wp\/v2\/users\/1"}],"replies":[{"embeddable":true,"href":"https:\/\/sonniastherapy.com\/es\/wp-json\/wp\/v2\/comments?post=23"}],"version-history":[{"count":25,"href":"https:\/\/sonniastherapy.com\/es\/wp-json\/wp\/v2\/pages\/23\/revisions"}],"predecessor-version":[{"id":2930,"href":"https:\/\/sonniastherapy.com\/es\/wp-json\/wp\/v2\/pages\/23\/revisions\/2930"}],"wp:attachment":[{"href":"https:\/\/sonniastherapy.com\/es\/wp-json\/wp\/v2\/media?parent=23"}],"curies":[{"name":"wp","href":"https:\/\/api.w.org\/{rel}","templated":true}]}}